{"id":5829,"date":"2023-11-24T21:07:35","date_gmt":"2023-11-24T19:07:35","guid":{"rendered":"https:\/\/tstos25.ehasa.org\/osapuolet\/pohjoisen-rautahallinto-nir\/"},"modified":"2024-10-26T22:30:57","modified_gmt":"2024-10-26T20:30:57","slug":"pohjoisen-rautahallinto-nir","status":"publish","type":"page","link":"https:\/\/tstos25.ehasa.org\/fi\/osapuolet\/pohjoisen-rautahallinto-nir\/","title":{"rendered":"Pohjoisen rautahallinto (Northern Iron Rule, NIR)"},"content":{"rendered":"\t\t<div data-elementor-type=\"wp-page\" data-elementor-id=\"5829\" class=\"elementor elementor-5829 elementor-5813\">\n\t\t\t\t\t\t<section class=\"elementor-section elementor-top-section elementor-element elementor-element-796c660 elementor-section-full_width elementor-section-height-default elementor-section-height-default\" data-id=\"796c660\" data-element_type=\"section\">\n\t\t\t\t\t\t<div class=\"elementor-container elementor-column-gap-default\">\n\t\t\t\t\t<div class=\"elementor-column elementor-col-100 elementor-top-column elementor-element elementor-element-8e69b0c\" data-id=\"8e69b0c\" data-element_type=\"column\">\n\t\t\t<div class=\"elementor-widget-wrap elementor-element-populated\">\n\t\t\t\t\t\t<div class=\"elementor-element elementor-element-63f44d3 animated-slow elementor-invisible elementor-widget elementor-widget-heading\" data-id=\"63f44d3\" data-element_type=\"widget\" data-settings=\"{&quot;_animation&quot;:&quot;fadeIn&quot;}\" data-widget_type=\"heading.default\">\n\t\t\t\t<div class=\"elementor-widget-container\">\n\t\t\t\t\t<h1 class=\"elementor-heading-title elementor-size-default\">Pohjoisen rautahallinto (Northern Iron Rule, NIR)<\/h1>\t\t\t\t<\/div>\n\t\t\t\t<\/div>\n\t\t\t\t<div class=\"elementor-element elementor-element-1d54f77 elementor-widget elementor-widget-text-editor\" data-id=\"1d54f77\" data-element_type=\"widget\" data-widget_type=\"text-editor.default\">\n\t\t\t\t<div class=\"elementor-widget-container\">\n\t\t\t\t\t\t\t\t\t<p>Pohjoinen rautahallinto otti alkujaan vallan Nordholmin kuninkaalliselta perheelt\u00e4 vuonna 1956, mutta hallinto romahti vuonna 2022 viimeisimm\u00e4n sis\u00e4llissodan aikana. Nyt maaseudulla, kaupungeissa ja naapurivaltioissa piilottelee vain yksitt\u00e4isi\u00e4 henkil\u00f6it\u00e4 ja pieni\u00e4 j\u00e4senryhmi\u00e4 vanhasta hallituksesta ja sotilasjoukoista. Jos pelaajat kohtaavat n\u00e4it\u00e4 joukkoja kent\u00e4ll\u00e4, tunnistat heid\u00e4t punaisista ajoneuvotunnisteista ja hihanauhoista. Lis\u00e4ksi he kantavat osapuolen hihamerkki\u00e4, jonka muut pelaajat voivat ry\u00f6st\u00e4\u00e4 sotamuistoksi. Pohjoisen rautahallinto on mukana l\u00e4hinn\u00e4 pelinjohdon osapuolena teht\u00e4vi\u00e4 ja tarinaa varten.    Pohjoisen rautahallinto on mukana l\u00e4hinn\u00e4 pelinjohdon osapuolena teht\u00e4vi\u00e4 ja tarinaa varten.<\/p>\n\t\t\t\t\t\t\t\t<\/div>\n\t\t\t\t<\/div>\n\t\t\t\t<section class=\"elementor-section elementor-inner-section elementor-element elementor-element-38382b49 elementor-section-height-min-height elementor-section-boxed elementor-section-height-default\" data-id=\"38382b49\" data-element_type=\"section\" data-settings=\"{&quot;background_background&quot;:&quot;classic&quot;}\">\n\t\t\t\t\t\t<div class=\"elementor-container elementor-column-gap-no\">\n\t\t\t\t\t<div class=\"elementor-column elementor-col-50 elementor-inner-column elementor-element elementor-element-61364a63\" data-id=\"61364a63\" data-element_type=\"column\" data-settings=\"{&quot;background_background&quot;:&quot;classic&quot;}\">\n\t\t\t<div class=\"elementor-widget-wrap elementor-element-populated\">\n\t\t\t\t\t\t<div class=\"elementor-element elementor-element-51f0bf1 elementor-widget elementor-widget-video\" data-id=\"51f0bf1\" data-element_type=\"widget\" data-settings=\"{&quot;video_type&quot;:&quot;hosted&quot;,&quot;autoplay&quot;:&quot;yes&quot;,&quot;play_on_mobile&quot;:&quot;yes&quot;,&quot;mute&quot;:&quot;yes&quot;,&quot;loop&quot;:&quot;yes&quot;}\" data-widget_type=\"video.default\">\n\t\t\t\t<div class=\"elementor-widget-container\">\n\t\t\t\t\t\t\t<div class=\"e-hosted-video elementor-wrapper elementor-open-inline\">\n\t\t\t\t\t<video class=\"elementor-video\" src=\"https:\/\/tstos25.ehasa.org\/wp-content\/uploads\/2023\/11\/red.mp4\" autoplay=\"\" loop=\"\" muted=\"muted\" playsinline=\"\" controlsList=\"nodownload\" poster=\"https:\/\/tstos25.ehasa.org\/wp-content\/uploads\/2022\/12\/ezgif-frame-0011-3.jpg\"><\/video>\n\t\t\t\t<\/div>\n\t\t\t\t\t\t<\/div>\n\t\t\t\t<\/div>\n\t\t\t\t\t<\/div>\n\t\t<\/div>\n\t\t\t\t<div class=\"elementor-column elementor-col-50 elementor-inner-column elementor-element elementor-element-2ec4e43f\" data-id=\"2ec4e43f\" data-element_type=\"column\" data-settings=\"{&quot;background_background&quot;:&quot;classic&quot;}\">\n\t\t\t<div class=\"elementor-widget-wrap elementor-element-populated\">\n\t\t\t\t\t\t<div class=\"elementor-element elementor-element-7e6b3c7b animated-slow elementor-invisible elementor-widget elementor-widget-heading\" data-id=\"7e6b3c7b\" data-element_type=\"widget\" data-settings=\"{&quot;_animation&quot;:&quot;fadeIn&quot;}\" data-widget_type=\"heading.default\">\n\t\t\t\t<div class=\"elementor-widget-container\">\n\t\t\t\t\t<h2 class=\"elementor-heading-title elementor-size-default\">Rautavartio<\/h2>\t\t\t\t<\/div>\n\t\t\t\t<\/div>\n\t\t\t\t<div class=\"elementor-element elementor-element-433f49d elementor-widget elementor-widget-text-editor\" data-id=\"433f49d\" data-element_type=\"widget\" data-widget_type=\"text-editor.default\">\n\t\t\t\t<div class=\"elementor-widget-container\">\n\t\t\t\t\t\t\t\t\t<ul>\n<li>Pieni joukko j\u00e4ljell\u00e4 olevia kannattajia, jotka operoivat maaseudulta, kaupungeissa ja naapurivaltioista k\u00e4sin. Parempaa tietoa ryhm\u00e4n vahvuudesta tai motiiveista ei ole.<\/li>\n<\/ul>\n\t\t\t\t\t\t\t\t<\/div>\n\t\t\t\t<\/div>\n\t\t\t\t<div class=\"elementor-element elementor-element-1b140e4 elementor-widget__width-auto animated-slow elementor-mobile-align-center elementor-widget-mobile__width-inherit elementor-invisible elementor-widget elementor-widget-button\" data-id=\"1b140e4\" data-element_type=\"widget\" data-settings=\"{&quot;_animation&quot;:&quot;fadeIn&quot;,&quot;_animation_delay&quot;:50}\" data-widget_type=\"button.default\">\n\t\t\t\t<div class=\"elementor-widget-container\">\n\t\t\t\t\t\t\t\t\t<div class=\"elementor-button-wrapper\">\n\t\t\t\t\t<a class=\"elementor-button elementor-size-md elementor-animation-shrink\" role=\"button\">\n\t\t\t\t\t\t<span class=\"elementor-button-content-wrapper\">\n\t\t\t\t\t\t\t\t\t<span class=\"elementor-button-text\">Koko: Ei tiedossa<\/span>\n\t\t\t\t\t<\/span>\n\t\t\t\t\t<\/a>\n\t\t\t\t<\/div>\n\t\t\t\t\t\t\t\t<\/div>\n\t\t\t\t<\/div>\n\t\t\t\t\t<\/div>\n\t\t<\/div>\n\t\t\t\t\t<\/div>\n\t\t<\/section>\n\t\t\t\t\t<\/div>\n\t\t<\/div>\n\t\t\t\t\t<\/div>\n\t\t<\/section>\n\t\t\t\t<\/div>\n\t\t","protected":false},"excerpt":{"rendered":"<p>Pohjoisen rautahallinto (Northern Iron Rule, NIR) Pohjoinen rautahallinto otti alkujaan vallan Nordholmin kuninkaalliselta perheelt\u00e4 vuonna 1956, mutta hallinto romahti vuonna 2022 viimeisimm\u00e4n sis\u00e4llissodan aikana. Nyt maaseudulla, kaupungeissa ja naapurivaltioissa piilottelee vain yksitt\u00e4isi\u00e4 henkil\u00f6it\u00e4 ja pieni\u00e4 j\u00e4senryhmi\u00e4 vanhasta hallituksesta ja sotilasjoukoista. Jos pelaajat kohtaavat n\u00e4it\u00e4 joukkoja kent\u00e4ll\u00e4, tunnistat heid\u00e4t punaisista ajoneuvotunnisteista ja hihanauhoista. Lis\u00e4ksi he kantavat [&hellip;]<\/p>\n","protected":false},"author":1,"featured_media":5846,"parent":3861,"menu_order":0,"comment_status":"closed","ping_status":"closed","template":"","meta":{"footnotes":""},"class_list":["post-5829","page","type-page","status-publish","has-post-thumbnail","hentry"],"yoast_head":"<!-- This site is optimized with the Yoast SEO plugin v25.4 - https:\/\/yoast.com\/wordpress\/plugins\/seo\/ -->\n<title>Pohjoisen rautahallinto (Northern Iron Rule, NIR) - Battlegroup 2025<\/title>\n<meta name=\"robots\" content=\"index, follow, max-snippet:-1, max-image-preview:large, max-video-preview:-1\" \/>\n<link rel=\"canonical\" href=\"https:\/\/tstos25.ehasa.org\/fi\/osapuolet\/pohjoisen-rautahallinto-nir\/\" \/>\n<meta property=\"og:locale\" content=\"fi_FI\" \/>\n<meta property=\"og:type\" content=\"article\" \/>\n<meta property=\"og:title\" content=\"Pohjoisen rautahallinto (Northern Iron Rule, NIR) - Battlegroup 2025\" \/>\n<meta property=\"og:description\" content=\"Pohjoisen rautahallinto (Northern Iron Rule, NIR) Pohjoinen rautahallinto otti alkujaan vallan Nordholmin kuninkaalliselta perheelt\u00e4 vuonna 1956, mutta hallinto romahti vuonna 2022 viimeisimm\u00e4n sis\u00e4llissodan aikana. Nyt maaseudulla, kaupungeissa ja naapurivaltioissa piilottelee vain yksitt\u00e4isi\u00e4 henkil\u00f6it\u00e4 ja pieni\u00e4 j\u00e4senryhmi\u00e4 vanhasta hallituksesta ja sotilasjoukoista. Jos pelaajat kohtaavat n\u00e4it\u00e4 joukkoja kent\u00e4ll\u00e4, tunnistat heid\u00e4t punaisista ajoneuvotunnisteista ja hihanauhoista. Lis\u00e4ksi he kantavat [&hellip;]\" \/>\n<meta property=\"og:url\" content=\"https:\/\/tstos25.ehasa.org\/fi\/osapuolet\/pohjoisen-rautahallinto-nir\/\" \/>\n<meta property=\"og:site_name\" content=\"Battlegroup 2025\" \/>\n<meta property=\"article:publisher\" content=\"https:\/\/www.facebook.com\/EhasaRy\" \/>\n<meta property=\"article:modified_time\" content=\"2024-10-26T20:30:57+00:00\" \/>\n<meta property=\"og:image\" content=\"https:\/\/tstos25.ehasa.org\/wp-content\/uploads\/2022\/12\/bgvideothumb3-1024x747.png\" \/>\n\t<meta property=\"og:image:width\" content=\"1024\" \/>\n\t<meta property=\"og:image:height\" content=\"747\" \/>\n\t<meta property=\"og:image:type\" content=\"image\/png\" \/>\n<meta name=\"twitter:card\" content=\"summary_large_image\" \/>\n<meta name=\"twitter:site\" content=\"@ehasary\" \/>\n<meta name=\"twitter:label1\" content=\"Arvioitu lukuaika\" \/>\n\t<meta name=\"twitter:data1\" content=\"1 minuutti\" \/>\n<script type=\"application\/ld+json\" class=\"yoast-schema-graph\">{\"@context\":\"https:\/\/schema.org\",\"@graph\":[{\"@type\":\"WebPage\",\"@id\":\"https:\/\/tstos25.ehasa.org\/fi\/osapuolet\/pohjoisen-rautahallinto-nir\/\",\"url\":\"https:\/\/tstos25.ehasa.org\/fi\/osapuolet\/pohjoisen-rautahallinto-nir\/\",\"name\":\"Pohjoisen rautahallinto (Northern Iron Rule, NIR) - Battlegroup 2025\",\"isPartOf\":{\"@id\":\"https:\/\/tstos25.ehasa.org\/fi\/#website\"},\"primaryImageOfPage\":{\"@id\":\"https:\/\/tstos25.ehasa.org\/fi\/osapuolet\/pohjoisen-rautahallinto-nir\/#primaryimage\"},\"image\":{\"@id\":\"https:\/\/tstos25.ehasa.org\/fi\/osapuolet\/pohjoisen-rautahallinto-nir\/#primaryimage\"},\"thumbnailUrl\":\"https:\/\/tstos25.ehasa.org\/wp-content\/uploads\/2023\/11\/nir-small.png\",\"datePublished\":\"2023-11-24T19:07:35+00:00\",\"dateModified\":\"2024-10-26T20:30:57+00:00\",\"breadcrumb\":{\"@id\":\"https:\/\/tstos25.ehasa.org\/fi\/osapuolet\/pohjoisen-rautahallinto-nir\/#breadcrumb\"},\"inLanguage\":\"fi\",\"potentialAction\":[{\"@type\":\"ReadAction\",\"target\":[\"https:\/\/tstos25.ehasa.org\/fi\/osapuolet\/pohjoisen-rautahallinto-nir\/\"]}]},{\"@type\":\"ImageObject\",\"inLanguage\":\"fi\",\"@id\":\"https:\/\/tstos25.ehasa.org\/fi\/osapuolet\/pohjoisen-rautahallinto-nir\/#primaryimage\",\"url\":\"https:\/\/tstos25.ehasa.org\/wp-content\/uploads\/2023\/11\/nir-small.png\",\"contentUrl\":\"https:\/\/tstos25.ehasa.org\/wp-content\/uploads\/2023\/11\/nir-small.png\",\"width\":100,\"height\":100},{\"@type\":\"BreadcrumbList\",\"@id\":\"https:\/\/tstos25.ehasa.org\/fi\/osapuolet\/pohjoisen-rautahallinto-nir\/#breadcrumb\",\"itemListElement\":[{\"@type\":\"ListItem\",\"position\":1,\"name\":\"Home\",\"item\":\"https:\/\/tstos25.ehasa.org\/fi\/\"},{\"@type\":\"ListItem\",\"position\":2,\"name\":\"Osapuolet\",\"item\":\"https:\/\/tstos25.ehasa.org\/fi\/factions\/\"},{\"@type\":\"ListItem\",\"position\":3,\"name\":\"Pohjoisen rautahallinto (NIR)\"}]},{\"@type\":\"WebSite\",\"@id\":\"https:\/\/tstos25.ehasa.org\/fi\/#website\",\"url\":\"https:\/\/tstos25.ehasa.org\/fi\/\",\"name\":\"Battlegroup 2025\",\"description\":\"Taisteluosasto 2024 on nelj\u00e4 p\u00e4iv\u00e4\u00e4 kest\u00e4v\u00e4 airsoft-tapahtuma, jossa yhdistyy milsim ja joitain larp-elementtej\u00e4. Tapahtuma j\u00e4rjestet\u00e4\u00e4n Hallin harjoitusalueella. Pelialueella on runsaasti korkeuseroja, mielenkiintoinen maasto, eritt\u00e4in hyv\u00e4t tieverkostot ja joitain j\u00e4rvi\u00e4.\",\"publisher\":{\"@id\":\"https:\/\/tstos25.ehasa.org\/fi\/#organization\"},\"potentialAction\":[{\"@type\":\"SearchAction\",\"target\":{\"@type\":\"EntryPoint\",\"urlTemplate\":\"https:\/\/tstos25.ehasa.org\/fi\/?s={search_term_string}\"},\"query-input\":{\"@type\":\"PropertyValueSpecification\",\"valueRequired\":true,\"valueName\":\"search_term_string\"}}],\"inLanguage\":\"fi\"},{\"@type\":\"Organization\",\"@id\":\"https:\/\/tstos25.ehasa.org\/fi\/#organization\",\"name\":\"Ehasa\",\"url\":\"https:\/\/tstos25.ehasa.org\/fi\/\",\"logo\":{\"@type\":\"ImageObject\",\"inLanguage\":\"fi\",\"@id\":\"https:\/\/tstos25.ehasa.org\/fi\/#\/schema\/logo\/image\/\",\"url\":\"https:\/\/tstos25.ehasa.org\/wp-content\/uploads\/2022\/12\/ehasa21.png\",\"contentUrl\":\"https:\/\/tstos25.ehasa.org\/wp-content\/uploads\/2022\/12\/ehasa21.png\",\"width\":200,\"height\":168,\"caption\":\"Ehasa\"},\"image\":{\"@id\":\"https:\/\/tstos25.ehasa.org\/fi\/#\/schema\/logo\/image\/\"},\"sameAs\":[\"https:\/\/www.facebook.com\/EhasaRy\",\"https:\/\/x.com\/ehasary\",\"https:\/\/www.instagram.com\/ehasa_ry\/\",\"https:\/\/www.youtube.com\/channel\/UC4e-APhBNFr8CwE5_zLtXBw?sub_confirmation=1\",\"https:\/\/discord.gg\/duXzgDRmDs\"]}]}<\/script>\n<!-- \/ Yoast SEO plugin. -->","yoast_head_json":{"title":"Pohjoisen rautahallinto (Northern Iron Rule, NIR) - Battlegroup 2025","robots":{"index":"index","follow":"follow","max-snippet":"max-snippet:-1","max-image-preview":"max-image-preview:large","max-video-preview":"max-video-preview:-1"},"canonical":"https:\/\/tstos25.ehasa.org\/fi\/osapuolet\/pohjoisen-rautahallinto-nir\/","og_locale":"fi_FI","og_type":"article","og_title":"Pohjoisen rautahallinto (Northern Iron Rule, NIR) - Battlegroup 2025","og_description":"Pohjoisen rautahallinto (Northern Iron Rule, NIR) Pohjoinen rautahallinto otti alkujaan vallan Nordholmin kuninkaalliselta perheelt\u00e4 vuonna 1956, mutta hallinto romahti vuonna 2022 viimeisimm\u00e4n sis\u00e4llissodan aikana. Nyt maaseudulla, kaupungeissa ja naapurivaltioissa piilottelee vain yksitt\u00e4isi\u00e4 henkil\u00f6it\u00e4 ja pieni\u00e4 j\u00e4senryhmi\u00e4 vanhasta hallituksesta ja sotilasjoukoista. Jos pelaajat kohtaavat n\u00e4it\u00e4 joukkoja kent\u00e4ll\u00e4, tunnistat heid\u00e4t punaisista ajoneuvotunnisteista ja hihanauhoista. Lis\u00e4ksi he kantavat [&hellip;]","og_url":"https:\/\/tstos25.ehasa.org\/fi\/osapuolet\/pohjoisen-rautahallinto-nir\/","og_site_name":"Battlegroup 2025","article_publisher":"https:\/\/www.facebook.com\/EhasaRy","article_modified_time":"2024-10-26T20:30:57+00:00","og_image":[{"width":1024,"height":747,"url":"https:\/\/tstos25.ehasa.org\/wp-content\/uploads\/2022\/12\/bgvideothumb3-1024x747.png","type":"image\/png"}],"twitter_card":"summary_large_image","twitter_site":"@ehasary","twitter_misc":{"Arvioitu lukuaika":"1 minuutti"},"schema":{"@context":"https:\/\/schema.org","@graph":[{"@type":"WebPage","@id":"https:\/\/tstos25.ehasa.org\/fi\/osapuolet\/pohjoisen-rautahallinto-nir\/","url":"https:\/\/tstos25.ehasa.org\/fi\/osapuolet\/pohjoisen-rautahallinto-nir\/","name":"Pohjoisen rautahallinto (Northern Iron Rule, NIR) - Battlegroup 2025","isPartOf":{"@id":"https:\/\/tstos25.ehasa.org\/fi\/#website"},"primaryImageOfPage":{"@id":"https:\/\/tstos25.ehasa.org\/fi\/osapuolet\/pohjoisen-rautahallinto-nir\/#primaryimage"},"image":{"@id":"https:\/\/tstos25.ehasa.org\/fi\/osapuolet\/pohjoisen-rautahallinto-nir\/#primaryimage"},"thumbnailUrl":"https:\/\/tstos25.ehasa.org\/wp-content\/uploads\/2023\/11\/nir-small.png","datePublished":"2023-11-24T19:07:35+00:00","dateModified":"2024-10-26T20:30:57+00:00","breadcrumb":{"@id":"https:\/\/tstos25.ehasa.org\/fi\/osapuolet\/pohjoisen-rautahallinto-nir\/#breadcrumb"},"inLanguage":"fi","potentialAction":[{"@type":"ReadAction","target":["https:\/\/tstos25.ehasa.org\/fi\/osapuolet\/pohjoisen-rautahallinto-nir\/"]}]},{"@type":"ImageObject","inLanguage":"fi","@id":"https:\/\/tstos25.ehasa.org\/fi\/osapuolet\/pohjoisen-rautahallinto-nir\/#primaryimage","url":"https:\/\/tstos25.ehasa.org\/wp-content\/uploads\/2023\/11\/nir-small.png","contentUrl":"https:\/\/tstos25.ehasa.org\/wp-content\/uploads\/2023\/11\/nir-small.png","width":100,"height":100},{"@type":"BreadcrumbList","@id":"https:\/\/tstos25.ehasa.org\/fi\/osapuolet\/pohjoisen-rautahallinto-nir\/#breadcrumb","itemListElement":[{"@type":"ListItem","position":1,"name":"Home","item":"https:\/\/tstos25.ehasa.org\/fi\/"},{"@type":"ListItem","position":2,"name":"Osapuolet","item":"https:\/\/tstos25.ehasa.org\/fi\/factions\/"},{"@type":"ListItem","position":3,"name":"Pohjoisen rautahallinto (NIR)"}]},{"@type":"WebSite","@id":"https:\/\/tstos25.ehasa.org\/fi\/#website","url":"https:\/\/tstos25.ehasa.org\/fi\/","name":"Battlegroup 2025","description":"Taisteluosasto 2024 on nelj\u00e4 p\u00e4iv\u00e4\u00e4 kest\u00e4v\u00e4 airsoft-tapahtuma, jossa yhdistyy milsim ja joitain larp-elementtej\u00e4. Tapahtuma j\u00e4rjestet\u00e4\u00e4n Hallin harjoitusalueella. Pelialueella on runsaasti korkeuseroja, mielenkiintoinen maasto, eritt\u00e4in hyv\u00e4t tieverkostot ja joitain j\u00e4rvi\u00e4.","publisher":{"@id":"https:\/\/tstos25.ehasa.org\/fi\/#organization"},"potentialAction":[{"@type":"SearchAction","target":{"@type":"EntryPoint","urlTemplate":"https:\/\/tstos25.ehasa.org\/fi\/?s={search_term_string}"},"query-input":{"@type":"PropertyValueSpecification","valueRequired":true,"valueName":"search_term_string"}}],"inLanguage":"fi"},{"@type":"Organization","@id":"https:\/\/tstos25.ehasa.org\/fi\/#organization","name":"Ehasa","url":"https:\/\/tstos25.ehasa.org\/fi\/","logo":{"@type":"ImageObject","inLanguage":"fi","@id":"https:\/\/tstos25.ehasa.org\/fi\/#\/schema\/logo\/image\/","url":"https:\/\/tstos25.ehasa.org\/wp-content\/uploads\/2022\/12\/ehasa21.png","contentUrl":"https:\/\/tstos25.ehasa.org\/wp-content\/uploads\/2022\/12\/ehasa21.png","width":200,"height":168,"caption":"Ehasa"},"image":{"@id":"https:\/\/tstos25.ehasa.org\/fi\/#\/schema\/logo\/image\/"},"sameAs":["https:\/\/www.facebook.com\/EhasaRy","https:\/\/x.com\/ehasary","https:\/\/www.instagram.com\/ehasa_ry\/","https:\/\/www.youtube.com\/channel\/UC4e-APhBNFr8CwE5_zLtXBw?sub_confirmation=1","https:\/\/discord.gg\/duXzgDRmDs"]}]}},"_links":{"self":[{"href":"https:\/\/tstos25.ehasa.org\/fi\/wp-json\/wp\/v2\/pages\/5829","targetHints":{"allow":["GET"]}}],"collection":[{"href":"https:\/\/tstos25.ehasa.org\/fi\/wp-json\/wp\/v2\/pages"}],"about":[{"href":"https:\/\/tstos25.ehasa.org\/fi\/wp-json\/wp\/v2\/types\/page"}],"author":[{"embeddable":true,"href":"https:\/\/tstos25.ehasa.org\/fi\/wp-json\/wp\/v2\/users\/1"}],"replies":[{"embeddable":true,"href":"https:\/\/tstos25.ehasa.org\/fi\/wp-json\/wp\/v2\/comments?post=5829"}],"version-history":[{"count":10,"href":"https:\/\/tstos25.ehasa.org\/fi\/wp-json\/wp\/v2\/pages\/5829\/revisions"}],"predecessor-version":[{"id":7704,"href":"https:\/\/tstos25.ehasa.org\/fi\/wp-json\/wp\/v2\/pages\/5829\/revisions\/7704"}],"up":[{"embeddable":true,"href":"https:\/\/tstos25.ehasa.org\/fi\/wp-json\/wp\/v2\/pages\/3861"}],"wp:featuredmedia":[{"embeddable":true,"href":"https:\/\/tstos25.ehasa.org\/fi\/wp-json\/wp\/v2\/media\/5846"}],"wp:attachment":[{"href":"https:\/\/tstos25.ehasa.org\/fi\/wp-json\/wp\/v2\/media?parent=5829"}],"curies":[{"name":"wp","href":"https:\/\/api.w.org\/{rel}","templated":true}]}}