{"id":3868,"date":"2019-09-19T13:48:24","date_gmt":"2019-09-19T11:48:24","guid":{"rendered":"https:\/\/tstos25.ehasa.org\/yhteystiedot\/"},"modified":"2024-10-22T21:41:33","modified_gmt":"2024-10-22T19:41:33","slug":"yhteystiedot","status":"publish","type":"page","link":"https:\/\/tstos25.ehasa.org\/fi\/yhteystiedot\/","title":{"rendered":"Yhteystiedot"},"content":{"rendered":"\t\t<div data-elementor-type=\"wp-page\" data-elementor-id=\"3868\" class=\"elementor elementor-3868 elementor-1957\">\n\t\t\t\t\t\t<section class=\"elementor-section elementor-top-section elementor-element elementor-element-1e288be7 elementor-section-full_width elementor-section-height-default elementor-section-height-default\" data-id=\"1e288be7\" data-element_type=\"section\">\n\t\t\t\t\t\t<div class=\"elementor-container elementor-column-gap-no\">\n\t\t\t\t\t<div class=\"elementor-column elementor-col-100 elementor-top-column elementor-element elementor-element-34af65d2\" data-id=\"34af65d2\" data-element_type=\"column\">\n\t\t\t<div class=\"elementor-widget-wrap elementor-element-populated\">\n\t\t\t\t\t\t<div class=\"elementor-element elementor-element-3b9aef89 elementor-widget elementor-widget-honshi-page-hero\" data-id=\"3b9aef89\" data-element_type=\"widget\" data-widget_type=\"honshi-page-hero.default\">\n\t\t\t\t<div class=\"elementor-widget-container\">\n\t\t\t\t\t<div id=\"hero\" class=\"hero page-hero hero-fullwidth hero_3b9aef89 jarallax\" data-jarallax=\"\" data-type=\"scroll\" data-speed=\"0.2\" data-android=\"1\" data-ios=\"1\" style=\"background-image:url(https:\/\/tstos25.ehasa.org\/wp-content\/uploads\/2024\/10\/dji_20240723230117_0095_d.thumb28321-scaled.webp)\" data-img-src=\"https:\/\/tstos25.ehasa.org\/wp-content\/uploads\/2024\/10\/dji_20240723230117_0095_d.thumb28321-scaled.webp\" data-img-size=\"\" data-img-position=\"\" data-img-repeat=\"\"><div class=\"hero-content no\"><div class=\"container white\"><div class=\"m-auto\"><div class=\"title-service mb15\"><h2 class=\"page-heading\">Yhteystiedot<\/h2><p class=\"breadcrubms headline-text\"><!-- Breadcrumb NavXT 7.4.1 -->\n<span property=\"itemListElement\" typeof=\"ListItem\"><a property=\"item\" typeof=\"WebPage\" title=\"Go to Battlegroup 2025.\" href=\"https:\/\/tstos25.ehasa.org\/fi\/\" class=\"home\" ><span property=\"name\">Battlegroup 2025<\/span><\/a><meta property=\"position\" content=\"1\"><\/span>&gt; <span property=\"itemListElement\" typeof=\"ListItem\"><a property=\"item\" typeof=\"WebPage\" title=\"Go to Uutiset.\" href=\"https:\/\/tstos25.ehasa.org\/fi\/uutiset\/\" class=\"post-root post post-post\" aria-current=\"page\"><span property=\"name\">Uutiset<\/span><\/a><meta property=\"position\" content=\"2\"><\/span><\/p><\/div><\/div><\/div><\/div><\/div>\t\t\t\t<\/div>\n\t\t\t\t<\/div>\n\t\t\t\t\t<\/div>\n\t\t<\/div>\n\t\t\t\t\t<\/div>\n\t\t<\/section>\n\t\t\t\t<section class=\"elementor-section elementor-top-section elementor-element elementor-element-746cd6df elementor-section-boxed elementor-section-height-default elementor-section-height-default\" data-id=\"746cd6df\" data-element_type=\"section\" data-settings=\"{&quot;background_background&quot;:&quot;classic&quot;}\">\n\t\t\t\t\t\t<div class=\"elementor-container elementor-column-gap-default\">\n\t\t\t\t\t<div class=\"elementor-column elementor-col-100 elementor-top-column elementor-element elementor-element-a5ae62c\" data-id=\"a5ae62c\" data-element_type=\"column\">\n\t\t\t<div class=\"elementor-widget-wrap elementor-element-populated\">\n\t\t\t\t\t\t<div class=\"elementor-element elementor-element-c7064d5 elementor-widget elementor-widget-text-editor\" data-id=\"c7064d5\" data-element_type=\"widget\" data-widget_type=\"text-editor.default\">\n\t\t\t\t<div class=\"elementor-widget-container\">\n\t\t\t\t\t\t\t\t\t<p><span style=\"color: #000000;\">Parhaiten meid\u00e4t tavoitat s\u00e4hk\u00f6postitse. Vastaamme my\u00f6s kiireellisiin kysymyksiin puhelimitse.<\/span><\/p>\n<p><span style=\"color: #000000;\">Discord-kanavaltamme saat my\u00f6s vastauksia yleisimpiin kysymyksiin ja voit muutenkin keskustella mist\u00e4 tahansa tapahtumaan liittyv\u00e4st\u00e4.<\/span><\/p>\n\t\t\t\t\t\t\t\t<\/div>\n\t\t\t\t<\/div>\n\t\t\t\t<div class=\"elementor-element elementor-element-7ff856b3 elementor-widget elementor-widget-honshi-contact-info\" data-id=\"7ff856b3\" data-element_type=\"widget\" data-widget_type=\"honshi-contact-info.default\">\n\t\t\t\t<div class=\"elementor-widget-container\">\n\t\t\t\t\t<div class=\"info-contact pb50 text-center m-auto\"><div class=\"number black pb10\"><div class=\"heading-title\"><h4>Send us an email<\/h4><\/div><h3 class=\"phone\">\n<i class=\"fa fa-envelope-o  pr5\"><\/i>info@ehasa.org<\/h3><\/div><h6 class=\"detail\"><i class=\"fab fa-discord pr5\"><\/i> <a href=\"https:\/\/discord.gg\/duXzgDRmDs\">Discord<\/a><\/h6><h6 class=\"detail\"><i class=\"fa fa-phone pr5\"><\/i>  <a href=\"tel:+358400232630\">+358 400 232 630<\/a><\/h6><h6 class=\"detail\"><i class=\"fa fa-home pr5\"><\/i> <a href=\"https:\/\/maps.app.goo.gl\/AS7qif3gxXo7XyVr5\">Halinkankaantie 642, 35610 J\u00e4ms\u00e4, Finland<\/a><\/h6><\/div>\t\t\t\t<\/div>\n\t\t\t\t<\/div>\n\t\t\t\t\t<\/div>\n\t\t<\/div>\n\t\t\t\t\t<\/div>\n\t\t<\/section>\n\t\t\t\t<\/div>\n\t\t","protected":false},"excerpt":{"rendered":"<p>Battlegroup 2025&gt; News Parhaiten meid\u00e4t tavoitat s\u00e4hk\u00f6postitse. Vastaamme my\u00f6s kiireellisiin kysymyksiin puhelimitse. Discord-kanavaltamme saat my\u00f6s vastauksia yleisimpiin kysymyksiin ja voit muutenkin keskustella mist\u00e4 tahansa tapahtumaan liittyv\u00e4st\u00e4. Send us an email info@ehasa.org Discord +358 400 232 630 Halinkankaantie 642, 35610 J\u00e4ms\u00e4, Finland<\/p>\n","protected":false},"author":1,"featured_media":0,"parent":0,"menu_order":0,"comment_status":"closed","ping_status":"closed","template":"honshi-elementor-page.php","meta":{"footnotes":""},"class_list":["post-3868","page","type-page","status-publish","hentry"],"yoast_head":"<!-- This site is optimized with the Yoast SEO plugin v25.4 - https:\/\/yoast.com\/wordpress\/plugins\/seo\/ -->\n<title>Yhteystiedot - Battlegroup 2025<\/title>\n<meta name=\"robots\" content=\"index, follow, max-snippet:-1, max-image-preview:large, max-video-preview:-1\" \/>\n<link rel=\"canonical\" href=\"https:\/\/tstos25.ehasa.org\/fi\/yhteystiedot\/\" \/>\n<meta property=\"og:locale\" content=\"fi_FI\" \/>\n<meta property=\"og:type\" content=\"article\" \/>\n<meta property=\"og:title\" content=\"Yhteystiedot - Battlegroup 2025\" \/>\n<meta property=\"og:description\" content=\"Battlegroup 2025&gt; News Parhaiten meid\u00e4t tavoitat s\u00e4hk\u00f6postitse. Vastaamme my\u00f6s kiireellisiin kysymyksiin puhelimitse. Discord-kanavaltamme saat my\u00f6s vastauksia yleisimpiin kysymyksiin ja voit muutenkin keskustella mist\u00e4 tahansa tapahtumaan liittyv\u00e4st\u00e4. Send us an email info@ehasa.org Discord +358 400 232 630 Halinkankaantie 642, 35610 J\u00e4ms\u00e4, Finland\" \/>\n<meta property=\"og:url\" content=\"https:\/\/tstos25.ehasa.org\/fi\/yhteystiedot\/\" \/>\n<meta property=\"og:site_name\" content=\"Battlegroup 2025\" \/>\n<meta property=\"article:publisher\" content=\"https:\/\/www.facebook.com\/EhasaRy\" \/>\n<meta property=\"article:modified_time\" content=\"2024-10-22T19:41:33+00:00\" \/>\n<meta property=\"og:image\" content=\"https:\/\/tstos25.ehasa.org\/wp-content\/uploads\/2022\/12\/bgvideothumb3-1024x747.png\" \/>\n\t<meta property=\"og:image:width\" content=\"1024\" \/>\n\t<meta property=\"og:image:height\" content=\"747\" \/>\n\t<meta property=\"og:image:type\" content=\"image\/png\" \/>\n<meta name=\"twitter:card\" content=\"summary_large_image\" \/>\n<meta name=\"twitter:site\" content=\"@ehasary\" \/>\n<meta name=\"twitter:label1\" content=\"Arvioitu lukuaika\" \/>\n\t<meta name=\"twitter:data1\" content=\"1 minuutti\" \/>\n<script type=\"application\/ld+json\" class=\"yoast-schema-graph\">{\"@context\":\"https:\/\/schema.org\",\"@graph\":[{\"@type\":\"WebPage\",\"@id\":\"https:\/\/tstos25.ehasa.org\/fi\/yhteystiedot\/\",\"url\":\"https:\/\/tstos25.ehasa.org\/fi\/yhteystiedot\/\",\"name\":\"Yhteystiedot - Battlegroup 2025\",\"isPartOf\":{\"@id\":\"https:\/\/tstos25.ehasa.org\/fi\/#website\"},\"datePublished\":\"2019-09-19T11:48:24+00:00\",\"dateModified\":\"2024-10-22T19:41:33+00:00\",\"breadcrumb\":{\"@id\":\"https:\/\/tstos25.ehasa.org\/fi\/yhteystiedot\/#breadcrumb\"},\"inLanguage\":\"fi\",\"potentialAction\":[{\"@type\":\"ReadAction\",\"target\":[\"https:\/\/tstos25.ehasa.org\/fi\/yhteystiedot\/\"]}]},{\"@type\":\"BreadcrumbList\",\"@id\":\"https:\/\/tstos25.ehasa.org\/fi\/yhteystiedot\/#breadcrumb\",\"itemListElement\":[{\"@type\":\"ListItem\",\"position\":1,\"name\":\"Home\",\"item\":\"https:\/\/tstos25.ehasa.org\/fi\/\"},{\"@type\":\"ListItem\",\"position\":2,\"name\":\"Yhteystiedot\"}]},{\"@type\":\"WebSite\",\"@id\":\"https:\/\/tstos25.ehasa.org\/fi\/#website\",\"url\":\"https:\/\/tstos25.ehasa.org\/fi\/\",\"name\":\"Battlegroup 2025\",\"description\":\"Taisteluosasto 2024 on nelj\u00e4 p\u00e4iv\u00e4\u00e4 kest\u00e4v\u00e4 airsoft-tapahtuma, jossa yhdistyy milsim ja joitain larp-elementtej\u00e4. Tapahtuma j\u00e4rjestet\u00e4\u00e4n Hallin harjoitusalueella. Pelialueella on runsaasti korkeuseroja, mielenkiintoinen maasto, eritt\u00e4in hyv\u00e4t tieverkostot ja joitain j\u00e4rvi\u00e4.\",\"publisher\":{\"@id\":\"https:\/\/tstos25.ehasa.org\/fi\/#organization\"},\"potentialAction\":[{\"@type\":\"SearchAction\",\"target\":{\"@type\":\"EntryPoint\",\"urlTemplate\":\"https:\/\/tstos25.ehasa.org\/fi\/?s={search_term_string}\"},\"query-input\":{\"@type\":\"PropertyValueSpecification\",\"valueRequired\":true,\"valueName\":\"search_term_string\"}}],\"inLanguage\":\"fi\"},{\"@type\":\"Organization\",\"@id\":\"https:\/\/tstos25.ehasa.org\/fi\/#organization\",\"name\":\"Ehasa\",\"url\":\"https:\/\/tstos25.ehasa.org\/fi\/\",\"logo\":{\"@type\":\"ImageObject\",\"inLanguage\":\"fi\",\"@id\":\"https:\/\/tstos25.ehasa.org\/fi\/#\/schema\/logo\/image\/\",\"url\":\"https:\/\/tstos25.ehasa.org\/wp-content\/uploads\/2022\/12\/ehasa21.png\",\"contentUrl\":\"https:\/\/tstos25.ehasa.org\/wp-content\/uploads\/2022\/12\/ehasa21.png\",\"width\":200,\"height\":168,\"caption\":\"Ehasa\"},\"image\":{\"@id\":\"https:\/\/tstos25.ehasa.org\/fi\/#\/schema\/logo\/image\/\"},\"sameAs\":[\"https:\/\/www.facebook.com\/EhasaRy\",\"https:\/\/x.com\/ehasary\",\"https:\/\/www.instagram.com\/ehasa_ry\/\",\"https:\/\/www.youtube.com\/channel\/UC4e-APhBNFr8CwE5_zLtXBw?sub_confirmation=1\",\"https:\/\/discord.gg\/duXzgDRmDs\"]}]}<\/script>\n<!-- \/ Yoast SEO plugin. -->","yoast_head_json":{"title":"Yhteystiedot - Battlegroup 2025","robots":{"index":"index","follow":"follow","max-snippet":"max-snippet:-1","max-image-preview":"max-image-preview:large","max-video-preview":"max-video-preview:-1"},"canonical":"https:\/\/tstos25.ehasa.org\/fi\/yhteystiedot\/","og_locale":"fi_FI","og_type":"article","og_title":"Yhteystiedot - Battlegroup 2025","og_description":"Battlegroup 2025&gt; News Parhaiten meid\u00e4t tavoitat s\u00e4hk\u00f6postitse. Vastaamme my\u00f6s kiireellisiin kysymyksiin puhelimitse. Discord-kanavaltamme saat my\u00f6s vastauksia yleisimpiin kysymyksiin ja voit muutenkin keskustella mist\u00e4 tahansa tapahtumaan liittyv\u00e4st\u00e4. Send us an email info@ehasa.org Discord +358 400 232 630 Halinkankaantie 642, 35610 J\u00e4ms\u00e4, Finland","og_url":"https:\/\/tstos25.ehasa.org\/fi\/yhteystiedot\/","og_site_name":"Battlegroup 2025","article_publisher":"https:\/\/www.facebook.com\/EhasaRy","article_modified_time":"2024-10-22T19:41:33+00:00","og_image":[{"width":1024,"height":747,"url":"https:\/\/tstos25.ehasa.org\/wp-content\/uploads\/2022\/12\/bgvideothumb3-1024x747.png","type":"image\/png"}],"twitter_card":"summary_large_image","twitter_site":"@ehasary","twitter_misc":{"Arvioitu lukuaika":"1 minuutti"},"schema":{"@context":"https:\/\/schema.org","@graph":[{"@type":"WebPage","@id":"https:\/\/tstos25.ehasa.org\/fi\/yhteystiedot\/","url":"https:\/\/tstos25.ehasa.org\/fi\/yhteystiedot\/","name":"Yhteystiedot - Battlegroup 2025","isPartOf":{"@id":"https:\/\/tstos25.ehasa.org\/fi\/#website"},"datePublished":"2019-09-19T11:48:24+00:00","dateModified":"2024-10-22T19:41:33+00:00","breadcrumb":{"@id":"https:\/\/tstos25.ehasa.org\/fi\/yhteystiedot\/#breadcrumb"},"inLanguage":"fi","potentialAction":[{"@type":"ReadAction","target":["https:\/\/tstos25.ehasa.org\/fi\/yhteystiedot\/"]}]},{"@type":"BreadcrumbList","@id":"https:\/\/tstos25.ehasa.org\/fi\/yhteystiedot\/#breadcrumb","itemListElement":[{"@type":"ListItem","position":1,"name":"Home","item":"https:\/\/tstos25.ehasa.org\/fi\/"},{"@type":"ListItem","position":2,"name":"Yhteystiedot"}]},{"@type":"WebSite","@id":"https:\/\/tstos25.ehasa.org\/fi\/#website","url":"https:\/\/tstos25.ehasa.org\/fi\/","name":"Battlegroup 2025","description":"Taisteluosasto 2024 on nelj\u00e4 p\u00e4iv\u00e4\u00e4 kest\u00e4v\u00e4 airsoft-tapahtuma, jossa yhdistyy milsim ja joitain larp-elementtej\u00e4. Tapahtuma j\u00e4rjestet\u00e4\u00e4n Hallin harjoitusalueella. Pelialueella on runsaasti korkeuseroja, mielenkiintoinen maasto, eritt\u00e4in hyv\u00e4t tieverkostot ja joitain j\u00e4rvi\u00e4.","publisher":{"@id":"https:\/\/tstos25.ehasa.org\/fi\/#organization"},"potentialAction":[{"@type":"SearchAction","target":{"@type":"EntryPoint","urlTemplate":"https:\/\/tstos25.ehasa.org\/fi\/?s={search_term_string}"},"query-input":{"@type":"PropertyValueSpecification","valueRequired":true,"valueName":"search_term_string"}}],"inLanguage":"fi"},{"@type":"Organization","@id":"https:\/\/tstos25.ehasa.org\/fi\/#organization","name":"Ehasa","url":"https:\/\/tstos25.ehasa.org\/fi\/","logo":{"@type":"ImageObject","inLanguage":"fi","@id":"https:\/\/tstos25.ehasa.org\/fi\/#\/schema\/logo\/image\/","url":"https:\/\/tstos25.ehasa.org\/wp-content\/uploads\/2022\/12\/ehasa21.png","contentUrl":"https:\/\/tstos25.ehasa.org\/wp-content\/uploads\/2022\/12\/ehasa21.png","width":200,"height":168,"caption":"Ehasa"},"image":{"@id":"https:\/\/tstos25.ehasa.org\/fi\/#\/schema\/logo\/image\/"},"sameAs":["https:\/\/www.facebook.com\/EhasaRy","https:\/\/x.com\/ehasary","https:\/\/www.instagram.com\/ehasa_ry\/","https:\/\/www.youtube.com\/channel\/UC4e-APhBNFr8CwE5_zLtXBw?sub_confirmation=1","https:\/\/discord.gg\/duXzgDRmDs"]}]}},"_links":{"self":[{"href":"https:\/\/tstos25.ehasa.org\/fi\/wp-json\/wp\/v2\/pages\/3868","targetHints":{"allow":["GET"]}}],"collection":[{"href":"https:\/\/tstos25.ehasa.org\/fi\/wp-json\/wp\/v2\/pages"}],"about":[{"href":"https:\/\/tstos25.ehasa.org\/fi\/wp-json\/wp\/v2\/types\/page"}],"author":[{"embeddable":true,"href":"https:\/\/tstos25.ehasa.org\/fi\/wp-json\/wp\/v2\/users\/1"}],"replies":[{"embeddable":true,"href":"https:\/\/tstos25.ehasa.org\/fi\/wp-json\/wp\/v2\/comments?post=3868"}],"version-history":[{"count":19,"href":"https:\/\/tstos25.ehasa.org\/fi\/wp-json\/wp\/v2\/pages\/3868\/revisions"}],"predecessor-version":[{"id":7553,"href":"https:\/\/tstos25.ehasa.org\/fi\/wp-json\/wp\/v2\/pages\/3868\/revisions\/7553"}],"wp:attachment":[{"href":"https:\/\/tstos25.ehasa.org\/fi\/wp-json\/wp\/v2\/media?parent=3868"}],"curies":[{"name":"wp","href":"https:\/\/api.w.org\/{rel}","templated":true}]}}