{"id":3861,"date":"2022-12-10T19:16:31","date_gmt":"2022-12-10T17:16:31","guid":{"rendered":"https:\/\/tstos25.ehasa.org\/osapuolet\/"},"modified":"2022-12-10T19:16:31","modified_gmt":"2022-12-10T17:16:31","slug":"osapuolet","status":"publish","type":"page","link":"https:\/\/tstos25.ehasa.org\/fi\/osapuolet\/","title":{"rendered":"Osapuolet"},"content":{"rendered":"","protected":false},"excerpt":{"rendered":"","protected":false},"author":1,"featured_media":0,"parent":0,"menu_order":0,"comment_status":"closed","ping_status":"closed","template":"","meta":{"footnotes":""},"class_list":["post-3861","page","type-page","status-publish","hentry"],"yoast_head":"<!-- This site is optimized with the Yoast SEO plugin v25.4 - https:\/\/yoast.com\/wordpress\/plugins\/seo\/ -->\n<title>Osapuolet - Battlegroup 2025<\/title>\n<meta name=\"robots\" content=\"index, follow, max-snippet:-1, max-image-preview:large, max-video-preview:-1\" \/>\n<link rel=\"canonical\" href=\"https:\/\/tstos25.ehasa.org\/fi\/osapuolet\/\" \/>\n<meta property=\"og:locale\" content=\"fi_FI\" \/>\n<meta property=\"og:type\" content=\"article\" \/>\n<meta property=\"og:title\" content=\"Osapuolet - Battlegroup 2025\" \/>\n<meta property=\"og:url\" content=\"https:\/\/tstos25.ehasa.org\/fi\/osapuolet\/\" \/>\n<meta property=\"og:site_name\" content=\"Battlegroup 2025\" \/>\n<meta property=\"article:publisher\" content=\"https:\/\/www.facebook.com\/EhasaRy\" \/>\n<meta property=\"og:image\" content=\"https:\/\/tstos25.ehasa.org\/wp-content\/uploads\/2022\/12\/bgvideothumb3-1024x747.png\" \/>\n\t<meta property=\"og:image:width\" content=\"1024\" \/>\n\t<meta property=\"og:image:height\" content=\"747\" \/>\n\t<meta property=\"og:image:type\" content=\"image\/png\" \/>\n<meta name=\"twitter:card\" content=\"summary_large_image\" \/>\n<meta name=\"twitter:site\" content=\"@ehasary\" \/>\n<script type=\"application\/ld+json\" class=\"yoast-schema-graph\">{\"@context\":\"https:\/\/schema.org\",\"@graph\":[{\"@type\":\"WebPage\",\"@id\":\"https:\/\/tstos25.ehasa.org\/fi\/osapuolet\/\",\"url\":\"https:\/\/tstos25.ehasa.org\/fi\/osapuolet\/\",\"name\":\"Osapuolet - Battlegroup 2025\",\"isPartOf\":{\"@id\":\"https:\/\/tstos25.ehasa.org\/fi\/#website\"},\"datePublished\":\"2022-12-10T17:16:31+00:00\",\"breadcrumb\":{\"@id\":\"https:\/\/tstos25.ehasa.org\/fi\/osapuolet\/#breadcrumb\"},\"inLanguage\":\"fi\",\"potentialAction\":[{\"@type\":\"ReadAction\",\"target\":[\"https:\/\/tstos25.ehasa.org\/fi\/osapuolet\/\"]}]},{\"@type\":\"BreadcrumbList\",\"@id\":\"https:\/\/tstos25.ehasa.org\/fi\/osapuolet\/#breadcrumb\",\"itemListElement\":[{\"@type\":\"ListItem\",\"position\":1,\"name\":\"Home\",\"item\":\"https:\/\/tstos25.ehasa.org\/fi\/\"},{\"@type\":\"ListItem\",\"position\":2,\"name\":\"Osapuolet\"}]},{\"@type\":\"WebSite\",\"@id\":\"https:\/\/tstos25.ehasa.org\/fi\/#website\",\"url\":\"https:\/\/tstos25.ehasa.org\/fi\/\",\"name\":\"Battlegroup 2025\",\"description\":\"Taisteluosasto 2024 on nelj\u00e4 p\u00e4iv\u00e4\u00e4 kest\u00e4v\u00e4 airsoft-tapahtuma, jossa yhdistyy milsim ja joitain larp-elementtej\u00e4. Tapahtuma j\u00e4rjestet\u00e4\u00e4n Hallin harjoitusalueella. Pelialueella on runsaasti korkeuseroja, mielenkiintoinen maasto, eritt\u00e4in hyv\u00e4t tieverkostot ja joitain j\u00e4rvi\u00e4.\",\"publisher\":{\"@id\":\"https:\/\/tstos25.ehasa.org\/fi\/#organization\"},\"potentialAction\":[{\"@type\":\"SearchAction\",\"target\":{\"@type\":\"EntryPoint\",\"urlTemplate\":\"https:\/\/tstos25.ehasa.org\/fi\/?s={search_term_string}\"},\"query-input\":{\"@type\":\"PropertyValueSpecification\",\"valueRequired\":true,\"valueName\":\"search_term_string\"}}],\"inLanguage\":\"fi\"},{\"@type\":\"Organization\",\"@id\":\"https:\/\/tstos25.ehasa.org\/fi\/#organization\",\"name\":\"Ehasa\",\"url\":\"https:\/\/tstos25.ehasa.org\/fi\/\",\"logo\":{\"@type\":\"ImageObject\",\"inLanguage\":\"fi\",\"@id\":\"https:\/\/tstos25.ehasa.org\/fi\/#\/schema\/logo\/image\/\",\"url\":\"https:\/\/tstos25.ehasa.org\/wp-content\/uploads\/2022\/12\/ehasa21.png\",\"contentUrl\":\"https:\/\/tstos25.ehasa.org\/wp-content\/uploads\/2022\/12\/ehasa21.png\",\"width\":200,\"height\":168,\"caption\":\"Ehasa\"},\"image\":{\"@id\":\"https:\/\/tstos25.ehasa.org\/fi\/#\/schema\/logo\/image\/\"},\"sameAs\":[\"https:\/\/www.facebook.com\/EhasaRy\",\"https:\/\/x.com\/ehasary\",\"https:\/\/www.instagram.com\/ehasa_ry\/\",\"https:\/\/www.youtube.com\/channel\/UC4e-APhBNFr8CwE5_zLtXBw?sub_confirmation=1\",\"https:\/\/discord.gg\/duXzgDRmDs\"]}]}<\/script>\n<!-- \/ Yoast SEO plugin. -->","yoast_head_json":{"title":"Osapuolet - Battlegroup 2025","robots":{"index":"index","follow":"follow","max-snippet":"max-snippet:-1","max-image-preview":"max-image-preview:large","max-video-preview":"max-video-preview:-1"},"canonical":"https:\/\/tstos25.ehasa.org\/fi\/osapuolet\/","og_locale":"fi_FI","og_type":"article","og_title":"Osapuolet - Battlegroup 2025","og_url":"https:\/\/tstos25.ehasa.org\/fi\/osapuolet\/","og_site_name":"Battlegroup 2025","article_publisher":"https:\/\/www.facebook.com\/EhasaRy","og_image":[{"width":1024,"height":747,"url":"https:\/\/tstos25.ehasa.org\/wp-content\/uploads\/2022\/12\/bgvideothumb3-1024x747.png","type":"image\/png"}],"twitter_card":"summary_large_image","twitter_site":"@ehasary","schema":{"@context":"https:\/\/schema.org","@graph":[{"@type":"WebPage","@id":"https:\/\/tstos25.ehasa.org\/fi\/osapuolet\/","url":"https:\/\/tstos25.ehasa.org\/fi\/osapuolet\/","name":"Osapuolet - Battlegroup 2025","isPartOf":{"@id":"https:\/\/tstos25.ehasa.org\/fi\/#website"},"datePublished":"2022-12-10T17:16:31+00:00","breadcrumb":{"@id":"https:\/\/tstos25.ehasa.org\/fi\/osapuolet\/#breadcrumb"},"inLanguage":"fi","potentialAction":[{"@type":"ReadAction","target":["https:\/\/tstos25.ehasa.org\/fi\/osapuolet\/"]}]},{"@type":"BreadcrumbList","@id":"https:\/\/tstos25.ehasa.org\/fi\/osapuolet\/#breadcrumb","itemListElement":[{"@type":"ListItem","position":1,"name":"Home","item":"https:\/\/tstos25.ehasa.org\/fi\/"},{"@type":"ListItem","position":2,"name":"Osapuolet"}]},{"@type":"WebSite","@id":"https:\/\/tstos25.ehasa.org\/fi\/#website","url":"https:\/\/tstos25.ehasa.org\/fi\/","name":"Battlegroup 2025","description":"Taisteluosasto 2024 on nelj\u00e4 p\u00e4iv\u00e4\u00e4 kest\u00e4v\u00e4 airsoft-tapahtuma, jossa yhdistyy milsim ja joitain larp-elementtej\u00e4. Tapahtuma j\u00e4rjestet\u00e4\u00e4n Hallin harjoitusalueella. Pelialueella on runsaasti korkeuseroja, mielenkiintoinen maasto, eritt\u00e4in hyv\u00e4t tieverkostot ja joitain j\u00e4rvi\u00e4.","publisher":{"@id":"https:\/\/tstos25.ehasa.org\/fi\/#organization"},"potentialAction":[{"@type":"SearchAction","target":{"@type":"EntryPoint","urlTemplate":"https:\/\/tstos25.ehasa.org\/fi\/?s={search_term_string}"},"query-input":{"@type":"PropertyValueSpecification","valueRequired":true,"valueName":"search_term_string"}}],"inLanguage":"fi"},{"@type":"Organization","@id":"https:\/\/tstos25.ehasa.org\/fi\/#organization","name":"Ehasa","url":"https:\/\/tstos25.ehasa.org\/fi\/","logo":{"@type":"ImageObject","inLanguage":"fi","@id":"https:\/\/tstos25.ehasa.org\/fi\/#\/schema\/logo\/image\/","url":"https:\/\/tstos25.ehasa.org\/wp-content\/uploads\/2022\/12\/ehasa21.png","contentUrl":"https:\/\/tstos25.ehasa.org\/wp-content\/uploads\/2022\/12\/ehasa21.png","width":200,"height":168,"caption":"Ehasa"},"image":{"@id":"https:\/\/tstos25.ehasa.org\/fi\/#\/schema\/logo\/image\/"},"sameAs":["https:\/\/www.facebook.com\/EhasaRy","https:\/\/x.com\/ehasary","https:\/\/www.instagram.com\/ehasa_ry\/","https:\/\/www.youtube.com\/channel\/UC4e-APhBNFr8CwE5_zLtXBw?sub_confirmation=1","https:\/\/discord.gg\/duXzgDRmDs"]}]}},"_links":{"self":[{"href":"https:\/\/tstos25.ehasa.org\/fi\/wp-json\/wp\/v2\/pages\/3861","targetHints":{"allow":["GET"]}}],"collection":[{"href":"https:\/\/tstos25.ehasa.org\/fi\/wp-json\/wp\/v2\/pages"}],"about":[{"href":"https:\/\/tstos25.ehasa.org\/fi\/wp-json\/wp\/v2\/types\/page"}],"author":[{"embeddable":true,"href":"https:\/\/tstos25.ehasa.org\/fi\/wp-json\/wp\/v2\/users\/1"}],"replies":[{"embeddable":true,"href":"https:\/\/tstos25.ehasa.org\/fi\/wp-json\/wp\/v2\/comments?post=3861"}],"version-history":[{"count":0,"href":"https:\/\/tstos25.ehasa.org\/fi\/wp-json\/wp\/v2\/pages\/3861\/revisions"}],"wp:attachment":[{"href":"https:\/\/tstos25.ehasa.org\/fi\/wp-json\/wp\/v2\/media?parent=3861"}],"curies":[{"name":"wp","href":"https:\/\/api.w.org\/{rel}","templated":true}]}}